{"id":8790,"date":"2025-01-24T09:31:39","date_gmt":"2025-01-24T08:31:39","guid":{"rendered":"https:\/\/www.sams-industrie.fr\/product\/secteur-fixe-reference-500-300-150\/"},"modified":"2025-02-19T11:40:28","modified_gmt":"2025-02-19T10:40:28","slug":"secteur-fixe-reference-500-300-150","status":"publish","type":"product","link":"https:\/\/www.sams-industrie.fr\/en\/product\/secteur-fixe-reference-500-300-150\/","title":{"rendered":"Fixed sector<br> Reference 500-300-150"},"content":{"rendered":"","protected":false},"excerpt":{"rendered":"<p>RAPIDEX RAPIDLINE 16<br \/> R\u00e9f\u00e9rence constructeur : 500-300-150<br \/> R\u00e9f\u00e9rences \u00e9quivalentes : 500300150 \/ M500300150 \/ RAP500300150<\/p>","protected":false},"featured_media":0,"comment_status":"open","ping_status":"closed","template":"","meta":[],"_links":{"self":[{"href":"https:\/\/www.sams-industrie.fr\/en\/wp-json\/wp\/v2\/product\/8790"}],"collection":[{"href":"https:\/\/www.sams-industrie.fr\/en\/wp-json\/wp\/v2\/product"}],"about":[{"href":"https:\/\/www.sams-industrie.fr\/en\/wp-json\/wp\/v2\/types\/product"}],"replies":[{"embeddable":true,"href":"https:\/\/www.sams-industrie.fr\/en\/wp-json\/wp\/v2\/comments?post=8790"}],"wp:attachment":[{"href":"https:\/\/www.sams-industrie.fr\/en\/wp-json\/wp\/v2\/media?parent=8790"}],"curies":[{"name":"wp","href":"https:\/\/api.w.org\/{rel}","templated":true}]}}