{"id":8785,"date":"2025-01-24T09:31:34","date_gmt":"2025-01-24T08:31:34","guid":{"rendered":"https:\/\/www.sams-industrie.fr\/product\/manchon-central-mobile-reference-500-300-305-2\/"},"modified":"2025-02-19T11:40:22","modified_gmt":"2025-02-19T10:40:22","slug":"manchon-central-mobile-reference-500-300-305-2","status":"publish","type":"product","link":"https:\/\/www.sams-industrie.fr\/en\/product\/manchon-central-mobile-reference-500-300-305-2\/","title":{"rendered":"Movable central sleeve<br> Reference 500-300-305"},"content":{"rendered":"","protected":false},"excerpt":{"rendered":"<p>RAPIDEX RAPIDLINE 16<br \/> R\u00e9f\u00e9rence constructeur : 500-300-305<br \/> R\u00e9f\u00e9rences \u00e9quivalentes : 500300305 \/ M500300305 \/ RAP500300305<\/p>","protected":false},"featured_media":0,"comment_status":"open","ping_status":"closed","template":"","meta":[],"_links":{"self":[{"href":"https:\/\/www.sams-industrie.fr\/en\/wp-json\/wp\/v2\/product\/8785"}],"collection":[{"href":"https:\/\/www.sams-industrie.fr\/en\/wp-json\/wp\/v2\/product"}],"about":[{"href":"https:\/\/www.sams-industrie.fr\/en\/wp-json\/wp\/v2\/types\/product"}],"replies":[{"embeddable":true,"href":"https:\/\/www.sams-industrie.fr\/en\/wp-json\/wp\/v2\/comments?post=8785"}],"wp:attachment":[{"href":"https:\/\/www.sams-industrie.fr\/en\/wp-json\/wp\/v2\/media?parent=8785"}],"curies":[{"name":"wp","href":"https:\/\/api.w.org\/{rel}","templated":true}]}}