{"id":8771,"date":"2025-01-24T09:31:25","date_gmt":"2025-01-24T08:31:25","guid":{"rendered":"https:\/\/www.sams-industrie.fr\/product\/rondelle-de-blocage-reference-500-313-013\/"},"modified":"2025-02-19T11:40:12","modified_gmt":"2025-02-19T10:40:12","slug":"rondelle-de-blocage-reference-500-313-013","status":"publish","type":"product","link":"https:\/\/www.sams-industrie.fr\/en\/product\/rondelle-de-blocage-reference-500-313-013\/","title":{"rendered":"Lock washer<br> Reference 500-313-013"},"content":{"rendered":"","protected":false},"excerpt":{"rendered":"<p>RAPIDEX RAPIDLINE 16<br \/> R\u00e9f\u00e9rence constructeur : 500-313-013<br \/> R\u00e9f\u00e9rences \u00e9quivalentes : 500313013 \/ M500313013 \/ RAP500313013<\/p>","protected":false},"featured_media":0,"comment_status":"open","ping_status":"closed","template":"","meta":[],"_links":{"self":[{"href":"https:\/\/www.sams-industrie.fr\/en\/wp-json\/wp\/v2\/product\/8771"}],"collection":[{"href":"https:\/\/www.sams-industrie.fr\/en\/wp-json\/wp\/v2\/product"}],"about":[{"href":"https:\/\/www.sams-industrie.fr\/en\/wp-json\/wp\/v2\/types\/product"}],"replies":[{"embeddable":true,"href":"https:\/\/www.sams-industrie.fr\/en\/wp-json\/wp\/v2\/comments?post=8771"}],"wp:attachment":[{"href":"https:\/\/www.sams-industrie.fr\/en\/wp-json\/wp\/v2\/media?parent=8771"}],"curies":[{"name":"wp","href":"https:\/\/api.w.org\/{rel}","templated":true}]}}