{"id":8769,"date":"2025-01-24T09:31:23","date_gmt":"2025-01-24T08:31:23","guid":{"rendered":"https:\/\/www.sams-industrie.fr\/product\/lame-encocheuse-reference-500-300-111\/"},"modified":"2025-02-19T11:40:10","modified_gmt":"2025-02-19T10:40:10","slug":"lame-encocheuse-reference-500-300-111","status":"publish","type":"product","link":"https:\/\/www.sams-industrie.fr\/en\/product\/lame-encocheuse-reference-500-300-111\/","title":{"rendered":"Notching blade<br> Reference 500-300-111"},"content":{"rendered":"","protected":false},"excerpt":{"rendered":"<p>RAPIDEX RAPIDLINE 16<br \/> R\u00e9f\u00e9rence constructeur : 500-300-111<br \/> R\u00e9f\u00e9rences \u00e9quivalentes : 500300111 \/ M500300111 \/ RAP500300111<\/p>","protected":false},"featured_media":0,"comment_status":"open","ping_status":"closed","template":"","meta":[],"_links":{"self":[{"href":"https:\/\/www.sams-industrie.fr\/en\/wp-json\/wp\/v2\/product\/8769"}],"collection":[{"href":"https:\/\/www.sams-industrie.fr\/en\/wp-json\/wp\/v2\/product"}],"about":[{"href":"https:\/\/www.sams-industrie.fr\/en\/wp-json\/wp\/v2\/types\/product"}],"replies":[{"embeddable":true,"href":"https:\/\/www.sams-industrie.fr\/en\/wp-json\/wp\/v2\/comments?post=8769"}],"wp:attachment":[{"href":"https:\/\/www.sams-industrie.fr\/en\/wp-json\/wp\/v2\/media?parent=8769"}],"curies":[{"name":"wp","href":"https:\/\/api.w.org\/{rel}","templated":true}]}}