{"id":8768,"date":"2025-01-24T09:31:22","date_gmt":"2025-01-24T08:31:22","guid":{"rendered":"https:\/\/www.sams-industrie.fr\/product\/manchon-reference-500-300-004\/"},"modified":"2025-02-19T11:40:10","modified_gmt":"2025-02-19T10:40:10","slug":"manchon-reference-500-300-004","status":"publish","type":"product","link":"https:\/\/www.sams-industrie.fr\/en\/product\/manchon-reference-500-300-004\/","title":{"rendered":"Sleeve<br> Reference 500-300-004"},"content":{"rendered":"","protected":false},"excerpt":{"rendered":"<p>RAPIDEX RAPIDLINE 16<br \/> R\u00e9f\u00e9rence constructeur : 500-300-004<br \/> R\u00e9f\u00e9rences \u00e9quivalentes : 500300004 \/ M500300004 \/ RAP500300004<\/p>","protected":false},"featured_media":0,"comment_status":"open","ping_status":"closed","template":"","meta":[],"_links":{"self":[{"href":"https:\/\/www.sams-industrie.fr\/en\/wp-json\/wp\/v2\/product\/8768"}],"collection":[{"href":"https:\/\/www.sams-industrie.fr\/en\/wp-json\/wp\/v2\/product"}],"about":[{"href":"https:\/\/www.sams-industrie.fr\/en\/wp-json\/wp\/v2\/types\/product"}],"replies":[{"embeddable":true,"href":"https:\/\/www.sams-industrie.fr\/en\/wp-json\/wp\/v2\/comments?post=8768"}],"wp:attachment":[{"href":"https:\/\/www.sams-industrie.fr\/en\/wp-json\/wp\/v2\/media?parent=8768"}],"curies":[{"name":"wp","href":"https:\/\/api.w.org\/{rel}","templated":true}]}}