{"id":8766,"date":"2025-01-24T09:31:21","date_gmt":"2025-01-24T08:31:21","guid":{"rendered":"https:\/\/www.sams-industrie.fr\/product\/support-ejecteur-dechets-reference-500-301-019\/"},"modified":"2025-04-17T16:04:56","modified_gmt":"2025-04-17T14:04:56","slug":"support-ejecteur-dechets-reference-500-301-019","status":"publish","type":"product","link":"https:\/\/www.sams-industrie.fr\/en\/product\/support-ejecteur-dechets-reference-500-301-019\/","title":{"rendered":"Waste ejector support<br> Reference 500-301-019"},"content":{"rendered":"","protected":false},"excerpt":{"rendered":"<p>RAPIDEX RAPIDLINE 16<br \/>\nR\u00e9f\u00e9rence constructeur : 500-301-019<br \/>\nR\u00e9f\u00e9rences \u00e9quivalentes : 500301019 \/ M500301019 \/ RAP500301019<\/p>","protected":false},"featured_media":11330,"comment_status":"open","ping_status":"closed","template":"","meta":[],"_links":{"self":[{"href":"https:\/\/www.sams-industrie.fr\/en\/wp-json\/wp\/v2\/product\/8766"}],"collection":[{"href":"https:\/\/www.sams-industrie.fr\/en\/wp-json\/wp\/v2\/product"}],"about":[{"href":"https:\/\/www.sams-industrie.fr\/en\/wp-json\/wp\/v2\/types\/product"}],"replies":[{"embeddable":true,"href":"https:\/\/www.sams-industrie.fr\/en\/wp-json\/wp\/v2\/comments?post=8766"}],"wp:featuredmedia":[{"embeddable":true,"href":"https:\/\/www.sams-industrie.fr\/en\/wp-json\/wp\/v2\/media\/11330"}],"wp:attachment":[{"href":"https:\/\/www.sams-industrie.fr\/en\/wp-json\/wp\/v2\/media?parent=8766"}],"curies":[{"name":"wp","href":"https:\/\/api.w.org\/{rel}","templated":true}]}}