{"id":8763,"date":"2025-01-24T09:31:19","date_gmt":"2025-01-24T08:31:19","guid":{"rendered":"https:\/\/www.sams-industrie.fr\/product\/clavette-encocheur-reference-500-300-022\/"},"modified":"2025-02-19T11:40:06","modified_gmt":"2025-02-19T10:40:06","slug":"clavette-encocheur-reference-500-300-022","status":"publish","type":"product","link":"https:\/\/www.sams-industrie.fr\/en\/product\/clavette-encocheur-reference-500-300-022\/","title":{"rendered":"Notching key<br> Reference 500-300-022"},"content":{"rendered":"","protected":false},"excerpt":{"rendered":"<p>RAPIDEX RAPIDLINE 16<br \/> R\u00e9f\u00e9rence constructeur : 500-300-022<br \/> R\u00e9f\u00e9rences \u00e9quivalentes : 500300022 \/ M500300022 \/ RAP500300022<\/p>","protected":false},"featured_media":0,"comment_status":"open","ping_status":"closed","template":"","meta":[],"_links":{"self":[{"href":"https:\/\/www.sams-industrie.fr\/en\/wp-json\/wp\/v2\/product\/8763"}],"collection":[{"href":"https:\/\/www.sams-industrie.fr\/en\/wp-json\/wp\/v2\/product"}],"about":[{"href":"https:\/\/www.sams-industrie.fr\/en\/wp-json\/wp\/v2\/types\/product"}],"replies":[{"embeddable":true,"href":"https:\/\/www.sams-industrie.fr\/en\/wp-json\/wp\/v2\/comments?post=8763"}],"wp:attachment":[{"href":"https:\/\/www.sams-industrie.fr\/en\/wp-json\/wp\/v2\/media?parent=8763"}],"curies":[{"name":"wp","href":"https:\/\/api.w.org\/{rel}","templated":true}]}}