{"id":8762,"date":"2025-01-24T09:31:18","date_gmt":"2025-01-24T08:31:18","guid":{"rendered":"https:\/\/www.sams-industrie.fr\/product\/guide-refouleur-reference-500-308-003\/"},"modified":"2025-02-19T11:40:04","modified_gmt":"2025-02-19T10:40:04","slug":"guide-refouleur-reference-500-308-003","status":"publish","type":"product","link":"https:\/\/www.sams-industrie.fr\/en\/product\/guide-refouleur-reference-500-308-003\/","title":{"rendered":"Refouler guide<br> Reference 500-308-003"},"content":{"rendered":"","protected":false},"excerpt":{"rendered":"<p>RAPIDEX RAPIDLINE 16<br \/> R\u00e9f\u00e9rence constructeur : 500-308-003<br \/> R\u00e9f\u00e9rences \u00e9quivalentes : 500308003 \/ M500308003 \/ RAP500308003<\/p>","protected":false},"featured_media":0,"comment_status":"open","ping_status":"closed","template":"","meta":[],"_links":{"self":[{"href":"https:\/\/www.sams-industrie.fr\/en\/wp-json\/wp\/v2\/product\/8762"}],"collection":[{"href":"https:\/\/www.sams-industrie.fr\/en\/wp-json\/wp\/v2\/product"}],"about":[{"href":"https:\/\/www.sams-industrie.fr\/en\/wp-json\/wp\/v2\/types\/product"}],"replies":[{"embeddable":true,"href":"https:\/\/www.sams-industrie.fr\/en\/wp-json\/wp\/v2\/comments?post=8762"}],"wp:attachment":[{"href":"https:\/\/www.sams-industrie.fr\/en\/wp-json\/wp\/v2\/media?parent=8762"}],"curies":[{"name":"wp","href":"https:\/\/api.w.org\/{rel}","templated":true}]}}