{"id":8760,"date":"2025-01-24T09:31:14","date_gmt":"2025-01-24T08:31:14","guid":{"rendered":"https:\/\/www.sams-industrie.fr\/product\/arbre-de-lames-mobiles-reference-500-300-002-lf\/"},"modified":"2025-02-19T11:40:02","modified_gmt":"2025-02-19T10:40:02","slug":"arbre-de-lames-mobiles-reference-500-300-002-lf","status":"publish","type":"product","link":"https:\/\/www.sams-industrie.fr\/en\/product\/arbre-de-lames-mobiles-reference-500-300-002-lf\/","title":{"rendered":"Movable blade shaft<br> Reference 500-300-002 LF"},"content":{"rendered":"","protected":false},"excerpt":{"rendered":"<p>RAPIDEX RAPIDLINE 16<br \/> R\u00e9f\u00e9rence constructeur : 500-300-002 LF<br \/> R\u00e9f\u00e9rences \u00e9quivalentes : 500300002LF \/ M500300002LF \/ RAP500300002LF<\/p>","protected":false},"featured_media":0,"comment_status":"open","ping_status":"closed","template":"","meta":[],"_links":{"self":[{"href":"https:\/\/www.sams-industrie.fr\/en\/wp-json\/wp\/v2\/product\/8760"}],"collection":[{"href":"https:\/\/www.sams-industrie.fr\/en\/wp-json\/wp\/v2\/product"}],"about":[{"href":"https:\/\/www.sams-industrie.fr\/en\/wp-json\/wp\/v2\/types\/product"}],"replies":[{"embeddable":true,"href":"https:\/\/www.sams-industrie.fr\/en\/wp-json\/wp\/v2\/comments?post=8760"}],"wp:attachment":[{"href":"https:\/\/www.sams-industrie.fr\/en\/wp-json\/wp\/v2\/media?parent=8760"}],"curies":[{"name":"wp","href":"https:\/\/api.w.org\/{rel}","templated":true}]}}