{"id":8758,"date":"2025-01-24T09:31:13","date_gmt":"2025-01-24T08:31:13","guid":{"rendered":"https:\/\/www.sams-industrie.fr\/product\/arbre-de-lames-mobiles-reference-500-300-002-lc\/"},"modified":"2025-02-19T11:40:01","modified_gmt":"2025-02-19T10:40:01","slug":"arbre-de-lames-mobiles-reference-500-300-002-lc","status":"publish","type":"product","link":"https:\/\/www.sams-industrie.fr\/en\/product\/arbre-de-lames-mobiles-reference-500-300-002-lc\/","title":{"rendered":"Movable blade shaft<br> Reference 500-300-002 LC"},"content":{"rendered":"","protected":false},"excerpt":{"rendered":"<p>RAPIDEX RAPIDLINE 16<br \/> R\u00e9f\u00e9rence constructeur : 500-300-002 LC<br \/> R\u00e9f\u00e9rences \u00e9quivalentes : 500300002LC \/ M500300002LC \/ RAP500300002LC<\/p>","protected":false},"featured_media":0,"comment_status":"open","ping_status":"closed","template":"","meta":[],"_links":{"self":[{"href":"https:\/\/www.sams-industrie.fr\/en\/wp-json\/wp\/v2\/product\/8758"}],"collection":[{"href":"https:\/\/www.sams-industrie.fr\/en\/wp-json\/wp\/v2\/product"}],"about":[{"href":"https:\/\/www.sams-industrie.fr\/en\/wp-json\/wp\/v2\/types\/product"}],"replies":[{"embeddable":true,"href":"https:\/\/www.sams-industrie.fr\/en\/wp-json\/wp\/v2\/comments?post=8758"}],"wp:attachment":[{"href":"https:\/\/www.sams-industrie.fr\/en\/wp-json\/wp\/v2\/media?parent=8758"}],"curies":[{"name":"wp","href":"https:\/\/api.w.org\/{rel}","templated":true}]}}