{"id":8757,"date":"2025-01-24T09:31:12","date_gmt":"2025-01-24T08:31:12","guid":{"rendered":"https:\/\/www.sams-industrie.fr\/product\/pignon-de-lames-mobiles-reference-500-300-013\/"},"modified":"2025-02-19T11:40:00","modified_gmt":"2025-02-19T10:40:00","slug":"pignon-de-lames-mobiles-reference-500-300-013","status":"publish","type":"product","link":"https:\/\/www.sams-industrie.fr\/en\/product\/pignon-de-lames-mobiles-reference-500-300-013\/","title":{"rendered":"Moving blade pinion<br> Reference 500-300-013"},"content":{"rendered":"","protected":false},"excerpt":{"rendered":"<p>RAPIDEX RAPIDLINE 16<br \/> R\u00e9f\u00e9rence constructeur : 500-300-013<br \/> R\u00e9f\u00e9rences \u00e9quivalentes : 500300013 \/ M500300013 \/ RAP500300013<\/p>","protected":false},"featured_media":0,"comment_status":"open","ping_status":"closed","template":"","meta":[],"_links":{"self":[{"href":"https:\/\/www.sams-industrie.fr\/en\/wp-json\/wp\/v2\/product\/8757"}],"collection":[{"href":"https:\/\/www.sams-industrie.fr\/en\/wp-json\/wp\/v2\/product"}],"about":[{"href":"https:\/\/www.sams-industrie.fr\/en\/wp-json\/wp\/v2\/types\/product"}],"replies":[{"embeddable":true,"href":"https:\/\/www.sams-industrie.fr\/en\/wp-json\/wp\/v2\/comments?post=8757"}],"wp:attachment":[{"href":"https:\/\/www.sams-industrie.fr\/en\/wp-json\/wp\/v2\/media?parent=8757"}],"curies":[{"name":"wp","href":"https:\/\/api.w.org\/{rel}","templated":true}]}}