{"id":8754,"date":"2025-01-24T09:31:10","date_gmt":"2025-01-24T08:31:10","guid":{"rendered":"https:\/\/www.sams-industrie.fr\/product\/axe-de-poulie-reference-500-304-026\/"},"modified":"2025-02-19T11:39:58","modified_gmt":"2025-02-19T10:39:58","slug":"axe-de-poulie-reference-500-304-026","status":"publish","type":"product","link":"https:\/\/www.sams-industrie.fr\/en\/product\/axe-de-poulie-reference-500-304-026\/","title":{"rendered":"Pulley axle<br> Reference 500-304-026"},"content":{"rendered":"","protected":false},"excerpt":{"rendered":"<p>RAPIDEX RAPIDLINE 16<br \/> R\u00e9f\u00e9rence constructeur : 500-304-026<br \/> R\u00e9f\u00e9rences \u00e9quivalentes : 500304026 \/ M500304026 \/ RAP500304026<\/p>","protected":false},"featured_media":0,"comment_status":"open","ping_status":"closed","template":"","meta":[],"_links":{"self":[{"href":"https:\/\/www.sams-industrie.fr\/en\/wp-json\/wp\/v2\/product\/8754"}],"collection":[{"href":"https:\/\/www.sams-industrie.fr\/en\/wp-json\/wp\/v2\/product"}],"about":[{"href":"https:\/\/www.sams-industrie.fr\/en\/wp-json\/wp\/v2\/types\/product"}],"replies":[{"embeddable":true,"href":"https:\/\/www.sams-industrie.fr\/en\/wp-json\/wp\/v2\/comments?post=8754"}],"wp:attachment":[{"href":"https:\/\/www.sams-industrie.fr\/en\/wp-json\/wp\/v2\/media?parent=8754"}],"curies":[{"name":"wp","href":"https:\/\/api.w.org\/{rel}","templated":true}]}}