{"id":8752,"date":"2025-01-24T09:31:09","date_gmt":"2025-01-24T08:31:09","guid":{"rendered":"https:\/\/www.sams-industrie.fr\/product\/poulie-reference-500-304-013\/"},"modified":"2025-02-19T11:39:57","modified_gmt":"2025-02-19T10:39:57","slug":"poulie-reference-500-304-013","status":"publish","type":"product","link":"https:\/\/www.sams-industrie.fr\/en\/product\/poulie-reference-500-304-013\/","title":{"rendered":"Pulley<br> Reference 500-304-013"},"content":{"rendered":"","protected":false},"excerpt":{"rendered":"<p>RAPIDEX RAPIDLINE 16<br \/> R\u00e9f\u00e9rence constructeur : 500-304-013<br \/> R\u00e9f\u00e9rences \u00e9quivalentes : 500304013 \/ M500304013 \/ RAP500304013<\/p>","protected":false},"featured_media":0,"comment_status":"open","ping_status":"closed","template":"","meta":[],"_links":{"self":[{"href":"https:\/\/www.sams-industrie.fr\/en\/wp-json\/wp\/v2\/product\/8752"}],"collection":[{"href":"https:\/\/www.sams-industrie.fr\/en\/wp-json\/wp\/v2\/product"}],"about":[{"href":"https:\/\/www.sams-industrie.fr\/en\/wp-json\/wp\/v2\/types\/product"}],"replies":[{"embeddable":true,"href":"https:\/\/www.sams-industrie.fr\/en\/wp-json\/wp\/v2\/comments?post=8752"}],"wp:attachment":[{"href":"https:\/\/www.sams-industrie.fr\/en\/wp-json\/wp\/v2\/media?parent=8752"}],"curies":[{"name":"wp","href":"https:\/\/api.w.org\/{rel}","templated":true}]}}