{"id":8750,"date":"2025-01-24T09:31:08","date_gmt":"2025-01-24T08:31:08","guid":{"rendered":"https:\/\/www.sams-industrie.fr\/product\/siege-de-limiteur-reference-500-304-020\/"},"modified":"2025-02-19T11:39:55","modified_gmt":"2025-02-19T10:39:55","slug":"siege-de-limiteur-reference-500-304-020","status":"publish","type":"product","link":"https:\/\/www.sams-industrie.fr\/en\/product\/siege-de-limiteur-reference-500-304-020\/","title":{"rendered":"Limiter seat<br> Reference 500-304-020"},"content":{"rendered":"","protected":false},"excerpt":{"rendered":"<p>RAPIDEX RAPIDLINE 16<br \/> R\u00e9f\u00e9rence constructeur : 500-304-020<br \/> R\u00e9f\u00e9rences \u00e9quivalentes : 500304020 \/ M500304020 \/ RAP500304020<\/p>","protected":false},"featured_media":0,"comment_status":"open","ping_status":"closed","template":"","meta":[],"_links":{"self":[{"href":"https:\/\/www.sams-industrie.fr\/en\/wp-json\/wp\/v2\/product\/8750"}],"collection":[{"href":"https:\/\/www.sams-industrie.fr\/en\/wp-json\/wp\/v2\/product"}],"about":[{"href":"https:\/\/www.sams-industrie.fr\/en\/wp-json\/wp\/v2\/types\/product"}],"replies":[{"embeddable":true,"href":"https:\/\/www.sams-industrie.fr\/en\/wp-json\/wp\/v2\/comments?post=8750"}],"wp:attachment":[{"href":"https:\/\/www.sams-industrie.fr\/en\/wp-json\/wp\/v2\/media?parent=8750"}],"curies":[{"name":"wp","href":"https:\/\/api.w.org\/{rel}","templated":true}]}}