{"id":8748,"date":"2025-01-24T09:31:07","date_gmt":"2025-01-24T08:31:07","guid":{"rendered":"https:\/\/www.sams-industrie.fr\/product\/pignon-reglage-de-lames-reference-500-304-015\/"},"modified":"2025-02-19T11:39:54","modified_gmt":"2025-02-19T10:39:54","slug":"pignon-reglage-de-lames-reference-500-304-015","status":"publish","type":"product","link":"https:\/\/www.sams-industrie.fr\/en\/product\/pignon-reglage-de-lames-reference-500-304-015\/","title":{"rendered":"Blade adjustment pinion<br> Reference 500-304-015"},"content":{"rendered":"","protected":false},"excerpt":{"rendered":"<p>RAPIDEX RAPIDLINE 16<br \/> R\u00e9f\u00e9rence constructeur : 500-304-015<br \/> R\u00e9f\u00e9rences \u00e9quivalentes : 500304015 \/ M500304015 \/ RAP500304015<\/p>","protected":false},"featured_media":0,"comment_status":"open","ping_status":"closed","template":"","meta":[],"_links":{"self":[{"href":"https:\/\/www.sams-industrie.fr\/en\/wp-json\/wp\/v2\/product\/8748"}],"collection":[{"href":"https:\/\/www.sams-industrie.fr\/en\/wp-json\/wp\/v2\/product"}],"about":[{"href":"https:\/\/www.sams-industrie.fr\/en\/wp-json\/wp\/v2\/types\/product"}],"replies":[{"embeddable":true,"href":"https:\/\/www.sams-industrie.fr\/en\/wp-json\/wp\/v2\/comments?post=8748"}],"wp:attachment":[{"href":"https:\/\/www.sams-industrie.fr\/en\/wp-json\/wp\/v2\/media?parent=8748"}],"curies":[{"name":"wp","href":"https:\/\/api.w.org\/{rel}","templated":true}]}}