{"id":8745,"date":"2025-01-24T09:31:05","date_gmt":"2025-01-24T08:31:05","guid":{"rendered":"https:\/\/www.sams-industrie.fr\/product\/poulie-reference-500-304-025\/"},"modified":"2025-11-24T14:24:11","modified_gmt":"2025-11-24T13:24:11","slug":"poulie-reference-500-304-025","status":"publish","type":"product","link":"https:\/\/www.sams-industrie.fr\/en\/product\/poulie-reference-500-304-025\/","title":{"rendered":"Pulley<br> Reference 500-304-025"},"content":{"rendered":"","protected":false},"excerpt":{"rendered":"<p>RAPIDEX RAPIDLINE 16<br \/>\nR\u00e9f\u00e9rence constructeur : 500-304-025<br \/>\nR\u00e9f\u00e9rences \u00e9quivalentes : 500304025 \/ M500304025 \/ RAP500304025<\/p>","protected":false},"featured_media":11747,"comment_status":"open","ping_status":"closed","template":"","meta":[],"_links":{"self":[{"href":"https:\/\/www.sams-industrie.fr\/en\/wp-json\/wp\/v2\/product\/8745"}],"collection":[{"href":"https:\/\/www.sams-industrie.fr\/en\/wp-json\/wp\/v2\/product"}],"about":[{"href":"https:\/\/www.sams-industrie.fr\/en\/wp-json\/wp\/v2\/types\/product"}],"replies":[{"embeddable":true,"href":"https:\/\/www.sams-industrie.fr\/en\/wp-json\/wp\/v2\/comments?post=8745"}],"wp:featuredmedia":[{"embeddable":true,"href":"https:\/\/www.sams-industrie.fr\/en\/wp-json\/wp\/v2\/media\/11747"}],"wp:attachment":[{"href":"https:\/\/www.sams-industrie.fr\/en\/wp-json\/wp\/v2\/media?parent=8745"}],"curies":[{"name":"wp","href":"https:\/\/api.w.org\/{rel}","templated":true}]}}