{"id":8741,"date":"2025-01-24T09:31:03","date_gmt":"2025-01-24T08:31:03","guid":{"rendered":"https:\/\/www.sams-industrie.fr\/product\/plaque-support-codeurs-reference-500-103-101-tssp-3\/"},"modified":"2025-02-19T11:39:49","modified_gmt":"2025-02-19T10:39:49","slug":"plaque-support-codeurs-reference-500-103-101-tssp-3","status":"publish","type":"product","link":"https:\/\/www.sams-industrie.fr\/en\/product\/plaque-support-codeurs-reference-500-103-101-tssp-3\/","title":{"rendered":"Encoder support plate<br> Reference 500-103-101 TSSP"},"content":{"rendered":"","protected":false},"excerpt":{"rendered":"<p>RAPIDEX RAPIDLINE 16<br \/> R\u00e9f\u00e9rence constructeur : 500-103-101 TSSP<br \/> R\u00e9f\u00e9rences \u00e9quivalentes : 500103101 \/ M500103101 \/ RAP500103101<\/p>","protected":false},"featured_media":0,"comment_status":"open","ping_status":"closed","template":"","meta":[],"_links":{"self":[{"href":"https:\/\/www.sams-industrie.fr\/en\/wp-json\/wp\/v2\/product\/8741"}],"collection":[{"href":"https:\/\/www.sams-industrie.fr\/en\/wp-json\/wp\/v2\/product"}],"about":[{"href":"https:\/\/www.sams-industrie.fr\/en\/wp-json\/wp\/v2\/types\/product"}],"replies":[{"embeddable":true,"href":"https:\/\/www.sams-industrie.fr\/en\/wp-json\/wp\/v2\/comments?post=8741"}],"wp:attachment":[{"href":"https:\/\/www.sams-industrie.fr\/en\/wp-json\/wp\/v2\/media?parent=8741"}],"curies":[{"name":"wp","href":"https:\/\/api.w.org\/{rel}","templated":true}]}}