{"id":8735,"date":"2025-01-24T09:30:59","date_gmt":"2025-01-24T08:30:59","guid":{"rendered":"https:\/\/www.sams-industrie.fr\/product\/entretoise-roue-folle-gauche-reference-500-105-002\/"},"modified":"2025-02-19T11:39:43","modified_gmt":"2025-02-19T10:39:43","slug":"entretoise-roue-folle-gauche-reference-500-105-002","status":"publish","type":"product","link":"https:\/\/www.sams-industrie.fr\/en\/product\/entretoise-roue-folle-gauche-reference-500-105-002\/","title":{"rendered":"Left idler wheel spacer<br> Reference 500-105-002"},"content":{"rendered":"","protected":false},"excerpt":{"rendered":"<p>RAPIDEX RAPIDLINE 16<br \/> R\u00e9f\u00e9rence constructeur : 500-105-002<br \/> R\u00e9f\u00e9rences \u00e9quivalentes : 500105002 \/ M500105002 \/ RAP500105002<\/p>","protected":false},"featured_media":0,"comment_status":"open","ping_status":"closed","template":"","meta":[],"_links":{"self":[{"href":"https:\/\/www.sams-industrie.fr\/en\/wp-json\/wp\/v2\/product\/8735"}],"collection":[{"href":"https:\/\/www.sams-industrie.fr\/en\/wp-json\/wp\/v2\/product"}],"about":[{"href":"https:\/\/www.sams-industrie.fr\/en\/wp-json\/wp\/v2\/types\/product"}],"replies":[{"embeddable":true,"href":"https:\/\/www.sams-industrie.fr\/en\/wp-json\/wp\/v2\/comments?post=8735"}],"wp:attachment":[{"href":"https:\/\/www.sams-industrie.fr\/en\/wp-json\/wp\/v2\/media?parent=8735"}],"curies":[{"name":"wp","href":"https:\/\/api.w.org\/{rel}","templated":true}]}}