{"id":8732,"date":"2025-01-24T09:30:57","date_gmt":"2025-01-24T08:30:57","guid":{"rendered":"https:\/\/www.sams-industrie.fr\/product\/couvercle-cinematique-gauche-reference-500-106-020\/"},"modified":"2025-02-19T11:39:41","modified_gmt":"2025-02-19T10:39:41","slug":"couvercle-cinematique-gauche-reference-500-106-020","status":"publish","type":"product","link":"https:\/\/www.sams-industrie.fr\/en\/product\/couvercle-cinematique-gauche-reference-500-106-020\/","title":{"rendered":"Left kinematic cover<br> Reference 500-106-020"},"content":{"rendered":"","protected":false},"excerpt":{"rendered":"<p>RAPIDEX RAPIDLINE 16<br \/> R\u00e9f\u00e9rence constructeur : 500-106-020<br \/> R\u00e9f\u00e9rences \u00e9quivalentes : 500106020 \/ M500106020 \/ RAP500106020<\/p>","protected":false},"featured_media":0,"comment_status":"open","ping_status":"closed","template":"","meta":[],"_links":{"self":[{"href":"https:\/\/www.sams-industrie.fr\/en\/wp-json\/wp\/v2\/product\/8732"}],"collection":[{"href":"https:\/\/www.sams-industrie.fr\/en\/wp-json\/wp\/v2\/product"}],"about":[{"href":"https:\/\/www.sams-industrie.fr\/en\/wp-json\/wp\/v2\/types\/product"}],"replies":[{"embeddable":true,"href":"https:\/\/www.sams-industrie.fr\/en\/wp-json\/wp\/v2\/comments?post=8732"}],"wp:attachment":[{"href":"https:\/\/www.sams-industrie.fr\/en\/wp-json\/wp\/v2\/media?parent=8732"}],"curies":[{"name":"wp","href":"https:\/\/api.w.org\/{rel}","templated":true}]}}