{"id":8728,"date":"2025-01-24T09:30:53","date_gmt":"2025-01-24T08:30:53","guid":{"rendered":"https:\/\/www.sams-industrie.fr\/product\/moyeu-porte-cliches-reference-500-106-002\/"},"modified":"2025-02-19T11:39:38","modified_gmt":"2025-02-19T10:39:38","slug":"moyeu-porte-cliches-reference-500-106-002","status":"publish","type":"product","link":"https:\/\/www.sams-industrie.fr\/en\/product\/moyeu-porte-cliches-reference-500-106-002\/","title":{"rendered":"Plate holder hub<br> Reference 500-106-002"},"content":{"rendered":"","protected":false},"excerpt":{"rendered":"<p>RAPIDEX RAPIDLINE 16<br \/> R\u00e9f\u00e9rence constructeur : 500-106-002<br \/> R\u00e9f\u00e9rences \u00e9quivalentes : 500106002 \/ M500106002 \/ RAP500106002<\/p>","protected":false},"featured_media":0,"comment_status":"open","ping_status":"closed","template":"","meta":[],"_links":{"self":[{"href":"https:\/\/www.sams-industrie.fr\/en\/wp-json\/wp\/v2\/product\/8728"}],"collection":[{"href":"https:\/\/www.sams-industrie.fr\/en\/wp-json\/wp\/v2\/product"}],"about":[{"href":"https:\/\/www.sams-industrie.fr\/en\/wp-json\/wp\/v2\/types\/product"}],"replies":[{"embeddable":true,"href":"https:\/\/www.sams-industrie.fr\/en\/wp-json\/wp\/v2\/comments?post=8728"}],"wp:attachment":[{"href":"https:\/\/www.sams-industrie.fr\/en\/wp-json\/wp\/v2\/media?parent=8728"}],"curies":[{"name":"wp","href":"https:\/\/api.w.org\/{rel}","templated":true}]}}