{"id":8724,"date":"2025-01-24T09:30:51","date_gmt":"2025-01-24T08:30:51","guid":{"rendered":"https:\/\/www.sams-industrie.fr\/product\/bride-de-cardan-reference-500-103-127\/"},"modified":"2025-02-19T11:39:35","modified_gmt":"2025-02-19T10:39:35","slug":"bride-de-cardan-reference-500-103-127","status":"publish","type":"product","link":"https:\/\/www.sams-industrie.fr\/en\/product\/bride-de-cardan-reference-500-103-127\/","title":{"rendered":"Cardan flange<br> Reference 500-103-127"},"content":{"rendered":"","protected":false},"excerpt":{"rendered":"<p>RAPIDEX RAPIDLINE 16<br \/> R\u00e9f\u00e9rence constructeur : 500-103-127<br \/> R\u00e9f\u00e9rences \u00e9quivalentes : 500103127 \/ M500103127 \/ RAP500103127<\/p>","protected":false},"featured_media":0,"comment_status":"open","ping_status":"closed","template":"","meta":[],"_links":{"self":[{"href":"https:\/\/www.sams-industrie.fr\/en\/wp-json\/wp\/v2\/product\/8724"}],"collection":[{"href":"https:\/\/www.sams-industrie.fr\/en\/wp-json\/wp\/v2\/product"}],"about":[{"href":"https:\/\/www.sams-industrie.fr\/en\/wp-json\/wp\/v2\/types\/product"}],"replies":[{"embeddable":true,"href":"https:\/\/www.sams-industrie.fr\/en\/wp-json\/wp\/v2\/comments?post=8724"}],"wp:attachment":[{"href":"https:\/\/www.sams-industrie.fr\/en\/wp-json\/wp\/v2\/media?parent=8724"}],"curies":[{"name":"wp","href":"https:\/\/api.w.org\/{rel}","templated":true}]}}