{"id":8723,"date":"2025-01-24T09:30:50","date_gmt":"2025-01-24T08:30:50","guid":{"rendered":"https:\/\/www.sams-industrie.fr\/product\/cylindre-lz3600-reference-500-103-002\/"},"modified":"2025-02-19T11:39:34","modified_gmt":"2025-02-19T10:39:34","slug":"cylindre-lz3600-reference-500-103-002","status":"publish","type":"product","link":"https:\/\/www.sams-industrie.fr\/en\/product\/cylindre-lz3600-reference-500-103-002\/","title":{"rendered":"LZ3600 Cylinder<br> Reference 500-103-002"},"content":{"rendered":"","protected":false},"excerpt":{"rendered":"<p>RAPIDEX RAPIDLINE 16<br \/> R\u00e9f\u00e9rence constructeur : 500-103-002<br \/> R\u00e9f\u00e9rences \u00e9quivalentes : 500103002 \/ M500103002RLF \/ RAP500103002<\/p>","protected":false},"featured_media":0,"comment_status":"open","ping_status":"closed","template":"","meta":[],"_links":{"self":[{"href":"https:\/\/www.sams-industrie.fr\/en\/wp-json\/wp\/v2\/product\/8723"}],"collection":[{"href":"https:\/\/www.sams-industrie.fr\/en\/wp-json\/wp\/v2\/product"}],"about":[{"href":"https:\/\/www.sams-industrie.fr\/en\/wp-json\/wp\/v2\/types\/product"}],"replies":[{"embeddable":true,"href":"https:\/\/www.sams-industrie.fr\/en\/wp-json\/wp\/v2\/comments?post=8723"}],"wp:attachment":[{"href":"https:\/\/www.sams-industrie.fr\/en\/wp-json\/wp\/v2\/media?parent=8723"}],"curies":[{"name":"wp","href":"https:\/\/api.w.org\/{rel}","templated":true}]}}