{"id":8722,"date":"2025-01-24T09:30:50","date_gmt":"2025-01-24T08:30:50","guid":{"rendered":"https:\/\/www.sams-industrie.fr\/product\/disque-de-commande-excentrique-reference-500-103-029\/"},"modified":"2025-02-19T11:39:33","modified_gmt":"2025-02-19T10:39:33","slug":"disque-de-commande-excentrique-reference-500-103-029","status":"publish","type":"product","link":"https:\/\/www.sams-industrie.fr\/en\/product\/disque-de-commande-excentrique-reference-500-103-029\/","title":{"rendered":"Eccentric control disc<br> Reference 500-103-029"},"content":{"rendered":"","protected":false},"excerpt":{"rendered":"<p>RAPIDEX RAPIDLINE 16<br \/> R\u00e9f\u00e9rence constructeur : 500-103-029<br \/> R\u00e9f\u00e9rences \u00e9quivalentes : 500103029 \/ M500103029 \/ RAP500103029<\/p>","protected":false},"featured_media":0,"comment_status":"open","ping_status":"closed","template":"","meta":[],"_links":{"self":[{"href":"https:\/\/www.sams-industrie.fr\/en\/wp-json\/wp\/v2\/product\/8722"}],"collection":[{"href":"https:\/\/www.sams-industrie.fr\/en\/wp-json\/wp\/v2\/product"}],"about":[{"href":"https:\/\/www.sams-industrie.fr\/en\/wp-json\/wp\/v2\/types\/product"}],"replies":[{"embeddable":true,"href":"https:\/\/www.sams-industrie.fr\/en\/wp-json\/wp\/v2\/comments?post=8722"}],"wp:attachment":[{"href":"https:\/\/www.sams-industrie.fr\/en\/wp-json\/wp\/v2\/media?parent=8722"}],"curies":[{"name":"wp","href":"https:\/\/api.w.org\/{rel}","templated":true}]}}