{"id":8721,"date":"2025-01-24T09:30:49","date_gmt":"2025-01-24T08:30:49","guid":{"rendered":"https:\/\/www.sams-industrie.fr\/product\/arbre-de-commande-excentrique-reference-500-103-024-lg\/"},"modified":"2025-02-19T11:39:32","modified_gmt":"2025-02-19T10:39:32","slug":"arbre-de-commande-excentrique-reference-500-103-024-lg","status":"publish","type":"product","link":"https:\/\/www.sams-industrie.fr\/en\/product\/arbre-de-commande-excentrique-reference-500-103-024-lg\/","title":{"rendered":"Eccentric drive shaft<br> Reference 500-103-024 LG"},"content":{"rendered":"","protected":false},"excerpt":{"rendered":"<p>RAPIDEX RAPIDLINE 16<br \/> R\u00e9f\u00e9rence constructeur : 500-103-024 LG<br \/> R\u00e9f\u00e9rences \u00e9quivalentes : 500103024LG \/ M500103024LG \/ RAP500103024LG<\/p>","protected":false},"featured_media":0,"comment_status":"open","ping_status":"closed","template":"","meta":[],"_links":{"self":[{"href":"https:\/\/www.sams-industrie.fr\/en\/wp-json\/wp\/v2\/product\/8721"}],"collection":[{"href":"https:\/\/www.sams-industrie.fr\/en\/wp-json\/wp\/v2\/product"}],"about":[{"href":"https:\/\/www.sams-industrie.fr\/en\/wp-json\/wp\/v2\/types\/product"}],"replies":[{"embeddable":true,"href":"https:\/\/www.sams-industrie.fr\/en\/wp-json\/wp\/v2\/comments?post=8721"}],"wp:attachment":[{"href":"https:\/\/www.sams-industrie.fr\/en\/wp-json\/wp\/v2\/media?parent=8721"}],"curies":[{"name":"wp","href":"https:\/\/api.w.org\/{rel}","templated":true}]}}