{"id":8718,"date":"2025-01-24T09:30:47","date_gmt":"2025-01-24T08:30:47","guid":{"rendered":"https:\/\/www.sams-industrie.fr\/product\/pion-arret-recuperateur-reference-500-103-249\/"},"modified":"2025-02-19T13:54:56","modified_gmt":"2025-02-19T12:54:56","slug":"pion-arret-recuperateur-reference-500-103-249","status":"publish","type":"product","link":"https:\/\/www.sams-industrie.fr\/en\/product\/pion-arret-recuperateur-reference-500-103-249\/","title":{"rendered":"Pawn stop recovery<br> Reference 500-103-249"},"content":{"rendered":"","protected":false},"excerpt":{"rendered":"<p>RAPIDEX RAPIDLINE 16<br \/>\nR\u00e9f\u00e9rence constructeur : 500-103-249<br \/>\nR\u00e9f\u00e9rences \u00e9quivalentes : 500103249 \/ M500103249 \/ RAP500103249<\/p>","protected":false},"featured_media":11239,"comment_status":"open","ping_status":"closed","template":"","meta":[],"_links":{"self":[{"href":"https:\/\/www.sams-industrie.fr\/en\/wp-json\/wp\/v2\/product\/8718"}],"collection":[{"href":"https:\/\/www.sams-industrie.fr\/en\/wp-json\/wp\/v2\/product"}],"about":[{"href":"https:\/\/www.sams-industrie.fr\/en\/wp-json\/wp\/v2\/types\/product"}],"replies":[{"embeddable":true,"href":"https:\/\/www.sams-industrie.fr\/en\/wp-json\/wp\/v2\/comments?post=8718"}],"wp:featuredmedia":[{"embeddable":true,"href":"https:\/\/www.sams-industrie.fr\/en\/wp-json\/wp\/v2\/media\/11239"}],"wp:attachment":[{"href":"https:\/\/www.sams-industrie.fr\/en\/wp-json\/wp\/v2\/media?parent=8718"}],"curies":[{"name":"wp","href":"https:\/\/api.w.org\/{rel}","templated":true}]}}