{"id":8717,"date":"2025-01-24T09:30:47","date_gmt":"2025-01-24T08:30:47","guid":{"rendered":"https:\/\/www.sams-industrie.fr\/product\/entretoise-courte-reference-500-103-242\/"},"modified":"2025-02-19T13:54:19","modified_gmt":"2025-02-19T12:54:19","slug":"entretoise-courte-reference-500-103-242","status":"publish","type":"product","link":"https:\/\/www.sams-industrie.fr\/en\/product\/entretoise-courte-reference-500-103-242\/","title":{"rendered":"Short spacer<br> Reference 500-103-242"},"content":{"rendered":"","protected":false},"excerpt":{"rendered":"<p>RAPIDEX RAPIDLINE 16<br \/>\nR\u00e9f\u00e9rence constructeur : 500-103-242<br \/>\nR\u00e9f\u00e9rences \u00e9quivalentes : 500103242 \/ M500103242 \/ RAP500103242<\/p>","protected":false},"featured_media":11238,"comment_status":"open","ping_status":"closed","template":"","meta":[],"_links":{"self":[{"href":"https:\/\/www.sams-industrie.fr\/en\/wp-json\/wp\/v2\/product\/8717"}],"collection":[{"href":"https:\/\/www.sams-industrie.fr\/en\/wp-json\/wp\/v2\/product"}],"about":[{"href":"https:\/\/www.sams-industrie.fr\/en\/wp-json\/wp\/v2\/types\/product"}],"replies":[{"embeddable":true,"href":"https:\/\/www.sams-industrie.fr\/en\/wp-json\/wp\/v2\/comments?post=8717"}],"wp:featuredmedia":[{"embeddable":true,"href":"https:\/\/www.sams-industrie.fr\/en\/wp-json\/wp\/v2\/media\/11238"}],"wp:attachment":[{"href":"https:\/\/www.sams-industrie.fr\/en\/wp-json\/wp\/v2\/media?parent=8717"}],"curies":[{"name":"wp","href":"https:\/\/api.w.org\/{rel}","templated":true}]}}