{"id":8716,"date":"2025-01-24T09:30:46","date_gmt":"2025-01-24T08:30:46","guid":{"rendered":"https:\/\/www.sams-industrie.fr\/product\/bac-inferieur-dentree-reference-500-103-099-lf\/"},"modified":"2025-02-19T11:39:28","modified_gmt":"2025-02-19T10:39:28","slug":"bac-inferieur-dentree-reference-500-103-099-lf","status":"publish","type":"product","link":"https:\/\/www.sams-industrie.fr\/en\/product\/bac-inferieur-dentree-reference-500-103-099-lf\/","title":{"rendered":"Lower input tray<br> Reference 500-103-099 LF"},"content":{"rendered":"","protected":false},"excerpt":{"rendered":"<p>RAPIDEX RAPIDLINE 16<br \/> R\u00e9f\u00e9rence constructeur : 500-103-099 LF<br \/> R\u00e9f\u00e9rences \u00e9quivalentes : 500103099LF \/ M500103099LF \/ RAP500103099LF<\/p>","protected":false},"featured_media":0,"comment_status":"open","ping_status":"closed","template":"","meta":[],"_links":{"self":[{"href":"https:\/\/www.sams-industrie.fr\/en\/wp-json\/wp\/v2\/product\/8716"}],"collection":[{"href":"https:\/\/www.sams-industrie.fr\/en\/wp-json\/wp\/v2\/product"}],"about":[{"href":"https:\/\/www.sams-industrie.fr\/en\/wp-json\/wp\/v2\/types\/product"}],"replies":[{"embeddable":true,"href":"https:\/\/www.sams-industrie.fr\/en\/wp-json\/wp\/v2\/comments?post=8716"}],"wp:attachment":[{"href":"https:\/\/www.sams-industrie.fr\/en\/wp-json\/wp\/v2\/media?parent=8716"}],"curies":[{"name":"wp","href":"https:\/\/api.w.org\/{rel}","templated":true}]}}