{"id":8712,"date":"2025-01-24T09:30:43","date_gmt":"2025-01-24T08:30:43","guid":{"rendered":"https:\/\/www.sams-industrie.fr\/product\/cylindre-caoutchoute-lz4100-reference-500-103-302-lg\/"},"modified":"2025-02-19T11:39:25","modified_gmt":"2025-02-19T10:39:25","slug":"cylindre-caoutchoute-lz4100-reference-500-103-302-lg","status":"publish","type":"product","link":"https:\/\/www.sams-industrie.fr\/en\/product\/cylindre-caoutchoute-lz4100-reference-500-103-302-lg\/","title":{"rendered":"LZ4100 rubber cylinder<br> Reference 500-103-302 LG"},"content":{"rendered":"","protected":false},"excerpt":{"rendered":"<p>RAPIDEX RAPIDLINE 16<br \/> R\u00e9f\u00e9rence constructeur : 500-103-302 LG<br \/> R\u00e9f\u00e9rences \u00e9quivalentes : 500103302LG \/ M500103302LG \/ RAP500103302LG<\/p>","protected":false},"featured_media":0,"comment_status":"open","ping_status":"closed","template":"","meta":[],"_links":{"self":[{"href":"https:\/\/www.sams-industrie.fr\/en\/wp-json\/wp\/v2\/product\/8712"}],"collection":[{"href":"https:\/\/www.sams-industrie.fr\/en\/wp-json\/wp\/v2\/product"}],"about":[{"href":"https:\/\/www.sams-industrie.fr\/en\/wp-json\/wp\/v2\/types\/product"}],"replies":[{"embeddable":true,"href":"https:\/\/www.sams-industrie.fr\/en\/wp-json\/wp\/v2\/comments?post=8712"}],"wp:attachment":[{"href":"https:\/\/www.sams-industrie.fr\/en\/wp-json\/wp\/v2\/media?parent=8712"}],"curies":[{"name":"wp","href":"https:\/\/api.w.org\/{rel}","templated":true}]}}