{"id":8709,"date":"2025-01-24T09:30:41","date_gmt":"2025-01-24T08:30:41","guid":{"rendered":"https:\/\/www.sams-industrie.fr\/product\/recuperateur-gauche-reference-bab-0109-009\/"},"modified":"2025-04-17T16:02:09","modified_gmt":"2025-04-17T14:02:09","slug":"recuperateur-gauche-reference-bab-0109-009","status":"publish","type":"product","link":"https:\/\/www.sams-industrie.fr\/en\/product\/recuperateur-gauche-reference-bab-0109-009\/","title":{"rendered":"Left recuperator<br> Reference BAB-0109-009"},"content":{"rendered":"","protected":false},"excerpt":{"rendered":"<p>RAPIDEX RAPIDLINE 16<br \/>\nR\u00e9f\u00e9rence constructeur : BAB-0109-009<br \/>\nR\u00e9f\u00e9rences \u00e9quivalentes : BAB0109009 \/ MBAB0109009 \/ RAPBAB0109009<\/p>","protected":false},"featured_media":11328,"comment_status":"open","ping_status":"closed","template":"","meta":[],"_links":{"self":[{"href":"https:\/\/www.sams-industrie.fr\/en\/wp-json\/wp\/v2\/product\/8709"}],"collection":[{"href":"https:\/\/www.sams-industrie.fr\/en\/wp-json\/wp\/v2\/product"}],"about":[{"href":"https:\/\/www.sams-industrie.fr\/en\/wp-json\/wp\/v2\/types\/product"}],"replies":[{"embeddable":true,"href":"https:\/\/www.sams-industrie.fr\/en\/wp-json\/wp\/v2\/comments?post=8709"}],"wp:featuredmedia":[{"embeddable":true,"href":"https:\/\/www.sams-industrie.fr\/en\/wp-json\/wp\/v2\/media\/11328"}],"wp:attachment":[{"href":"https:\/\/www.sams-industrie.fr\/en\/wp-json\/wp\/v2\/media?parent=8709"}],"curies":[{"name":"wp","href":"https:\/\/api.w.org\/{rel}","templated":true}]}}