{"id":8708,"date":"2025-01-24T09:30:40","date_gmt":"2025-01-24T08:30:40","guid":{"rendered":"https:\/\/www.sams-industrie.fr\/product\/recuperateur-droit-plein-reference-500-103-241\/"},"modified":"2025-04-17T16:01:19","modified_gmt":"2025-04-17T14:01:19","slug":"recuperateur-droit-plein-reference-500-103-241","status":"publish","type":"product","link":"https:\/\/www.sams-industrie.fr\/en\/product\/recuperateur-droit-plein-reference-500-103-241\/","title":{"rendered":"Full right recuperator<br> Reference 500-103-241"},"content":{"rendered":"","protected":false},"excerpt":{"rendered":"<p>RAPIDEX RAPIDLINE 16<br \/>\nR\u00e9f\u00e9rence constructeur : 500-103-241<br \/>\nR\u00e9f\u00e9rences \u00e9quivalentes : 500103241 \/ M500103241 \/ RAP500103241<\/p>","protected":false},"featured_media":11327,"comment_status":"open","ping_status":"closed","template":"","meta":[],"_links":{"self":[{"href":"https:\/\/www.sams-industrie.fr\/en\/wp-json\/wp\/v2\/product\/8708"}],"collection":[{"href":"https:\/\/www.sams-industrie.fr\/en\/wp-json\/wp\/v2\/product"}],"about":[{"href":"https:\/\/www.sams-industrie.fr\/en\/wp-json\/wp\/v2\/types\/product"}],"replies":[{"embeddable":true,"href":"https:\/\/www.sams-industrie.fr\/en\/wp-json\/wp\/v2\/comments?post=8708"}],"wp:featuredmedia":[{"embeddable":true,"href":"https:\/\/www.sams-industrie.fr\/en\/wp-json\/wp\/v2\/media\/11327"}],"wp:attachment":[{"href":"https:\/\/www.sams-industrie.fr\/en\/wp-json\/wp\/v2\/media?parent=8708"}],"curies":[{"name":"wp","href":"https:\/\/api.w.org\/{rel}","templated":true}]}}