{"id":8707,"date":"2025-01-24T09:30:39","date_gmt":"2025-01-24T08:30:39","guid":{"rendered":"https:\/\/www.sams-industrie.fr\/product\/recuperateur-gauche-reference-500-103-220\/"},"modified":"2025-04-17T16:00:21","modified_gmt":"2025-04-17T14:00:21","slug":"recuperateur-gauche-reference-500-103-220","status":"publish","type":"product","link":"https:\/\/www.sams-industrie.fr\/en\/product\/recuperateur-gauche-reference-500-103-220\/","title":{"rendered":"Left recuperator<br> Reference 500-103-220"},"content":{"rendered":"","protected":false},"excerpt":{"rendered":"<p>RAPIDEX RAPIDLINE 16<br \/>\nR\u00e9f\u00e9rence constructeur : 500-103-220<br \/>\nR\u00e9f\u00e9rences \u00e9quivalentes : 500103220 \/ M500103220 \/ RAP500103220<\/p>","protected":false},"featured_media":11326,"comment_status":"open","ping_status":"closed","template":"","meta":[],"_links":{"self":[{"href":"https:\/\/www.sams-industrie.fr\/en\/wp-json\/wp\/v2\/product\/8707"}],"collection":[{"href":"https:\/\/www.sams-industrie.fr\/en\/wp-json\/wp\/v2\/product"}],"about":[{"href":"https:\/\/www.sams-industrie.fr\/en\/wp-json\/wp\/v2\/types\/product"}],"replies":[{"embeddable":true,"href":"https:\/\/www.sams-industrie.fr\/en\/wp-json\/wp\/v2\/comments?post=8707"}],"wp:featuredmedia":[{"embeddable":true,"href":"https:\/\/www.sams-industrie.fr\/en\/wp-json\/wp\/v2\/media\/11326"}],"wp:attachment":[{"href":"https:\/\/www.sams-industrie.fr\/en\/wp-json\/wp\/v2\/media?parent=8707"}],"curies":[{"name":"wp","href":"https:\/\/api.w.org\/{rel}","templated":true}]}}