{"id":8706,"date":"2025-01-24T09:30:39","date_gmt":"2025-01-24T08:30:39","guid":{"rendered":"https:\/\/www.sams-industrie.fr\/product\/recuperateur-droit-reference-500-103-218\/"},"modified":"2025-04-17T15:59:31","modified_gmt":"2025-04-17T13:59:31","slug":"recuperateur-droit-reference-500-103-218","status":"publish","type":"product","link":"https:\/\/www.sams-industrie.fr\/en\/product\/recuperateur-droit-reference-500-103-218\/","title":{"rendered":"Right recuperator<br> Reference 500-103-218"},"content":{"rendered":"","protected":false},"excerpt":{"rendered":"<p>RAPIDEX RAPIDLINE 16<br \/>\nR\u00e9f\u00e9rence constructeur : 500-103-218<br \/>\nR\u00e9f\u00e9rences \u00e9quivalentes : 500103218 \/ M500103218 \/ RAP500103218<\/p>","protected":false},"featured_media":11325,"comment_status":"open","ping_status":"closed","template":"","meta":[],"_links":{"self":[{"href":"https:\/\/www.sams-industrie.fr\/en\/wp-json\/wp\/v2\/product\/8706"}],"collection":[{"href":"https:\/\/www.sams-industrie.fr\/en\/wp-json\/wp\/v2\/product"}],"about":[{"href":"https:\/\/www.sams-industrie.fr\/en\/wp-json\/wp\/v2\/types\/product"}],"replies":[{"embeddable":true,"href":"https:\/\/www.sams-industrie.fr\/en\/wp-json\/wp\/v2\/comments?post=8706"}],"wp:featuredmedia":[{"embeddable":true,"href":"https:\/\/www.sams-industrie.fr\/en\/wp-json\/wp\/v2\/media\/11325"}],"wp:attachment":[{"href":"https:\/\/www.sams-industrie.fr\/en\/wp-json\/wp\/v2\/media?parent=8706"}],"curies":[{"name":"wp","href":"https:\/\/api.w.org\/{rel}","templated":true}]}}