{"id":8704,"date":"2025-01-24T09:30:38","date_gmt":"2025-01-24T08:30:38","guid":{"rendered":"https:\/\/www.sams-industrie.fr\/product\/colonne-support-moteur-reference-500-103-161\/"},"modified":"2025-02-19T11:39:17","modified_gmt":"2025-02-19T10:39:17","slug":"colonne-support-moteur-reference-500-103-161","status":"publish","type":"product","link":"https:\/\/www.sams-industrie.fr\/en\/product\/colonne-support-moteur-reference-500-103-161\/","title":{"rendered":"Engine support column<br> Reference 500-103-161"},"content":{"rendered":"","protected":false},"excerpt":{"rendered":"<p>RAPIDEX RAPIDLINE 16<br \/> R\u00e9f\u00e9rence constructeur : 500-103-161<br \/> R\u00e9f\u00e9rences \u00e9quivalentes : 500103161 \/ M500103161 \/ RAP500103161<\/p>","protected":false},"featured_media":0,"comment_status":"open","ping_status":"closed","template":"","meta":[],"_links":{"self":[{"href":"https:\/\/www.sams-industrie.fr\/en\/wp-json\/wp\/v2\/product\/8704"}],"collection":[{"href":"https:\/\/www.sams-industrie.fr\/en\/wp-json\/wp\/v2\/product"}],"about":[{"href":"https:\/\/www.sams-industrie.fr\/en\/wp-json\/wp\/v2\/types\/product"}],"replies":[{"embeddable":true,"href":"https:\/\/www.sams-industrie.fr\/en\/wp-json\/wp\/v2\/comments?post=8704"}],"wp:attachment":[{"href":"https:\/\/www.sams-industrie.fr\/en\/wp-json\/wp\/v2\/media?parent=8704"}],"curies":[{"name":"wp","href":"https:\/\/api.w.org\/{rel}","templated":true}]}}