{"id":8703,"date":"2025-01-24T09:30:37","date_gmt":"2025-01-24T08:30:37","guid":{"rendered":"https:\/\/www.sams-industrie.fr\/product\/moyeu-de-roue-libre-reference-500-103-162\/"},"modified":"2025-02-19T11:39:16","modified_gmt":"2025-02-19T10:39:16","slug":"moyeu-de-roue-libre-reference-500-103-162","status":"publish","type":"product","link":"https:\/\/www.sams-industrie.fr\/en\/product\/moyeu-de-roue-libre-reference-500-103-162\/","title":{"rendered":"Freewheel hub<br> Reference 500-103-162"},"content":{"rendered":"","protected":false},"excerpt":{"rendered":"<p>RAPIDEX RAPIDLINE 16<br \/> R\u00e9f\u00e9rence constructeur : 500-103-162<br \/> R\u00e9f\u00e9rences \u00e9quivalentes : 500103162 \/ M500103162 \/ RAP500103162<\/p>","protected":false},"featured_media":0,"comment_status":"open","ping_status":"closed","template":"","meta":[],"_links":{"self":[{"href":"https:\/\/www.sams-industrie.fr\/en\/wp-json\/wp\/v2\/product\/8703"}],"collection":[{"href":"https:\/\/www.sams-industrie.fr\/en\/wp-json\/wp\/v2\/product"}],"about":[{"href":"https:\/\/www.sams-industrie.fr\/en\/wp-json\/wp\/v2\/types\/product"}],"replies":[{"embeddable":true,"href":"https:\/\/www.sams-industrie.fr\/en\/wp-json\/wp\/v2\/comments?post=8703"}],"wp:attachment":[{"href":"https:\/\/www.sams-industrie.fr\/en\/wp-json\/wp\/v2\/media?parent=8703"}],"curies":[{"name":"wp","href":"https:\/\/api.w.org\/{rel}","templated":true}]}}