{"id":8701,"date":"2025-01-24T09:30:34","date_gmt":"2025-01-24T08:30:34","guid":{"rendered":"https:\/\/www.sams-industrie.fr\/product\/bielle-droite-entrainement-reference-500-102-011\/"},"modified":"2025-02-19T11:39:15","modified_gmt":"2025-02-19T10:39:15","slug":"bielle-droite-entrainement-reference-500-102-011","status":"publish","type":"product","link":"https:\/\/www.sams-industrie.fr\/en\/product\/bielle-droite-entrainement-reference-500-102-011\/","title":{"rendered":"Straight drive connecting rod<br> Reference 500-102-011"},"content":{"rendered":"","protected":false},"excerpt":{"rendered":"<p>RAPIDEX RAPIDLINE 16<br \/> R\u00e9f\u00e9rence constructeur : 500-102-011<br \/> R\u00e9f\u00e9rences \u00e9quivalentes : 500102011 \/ M500102011 \/ RAP500102011<\/p>","protected":false},"featured_media":0,"comment_status":"open","ping_status":"closed","template":"","meta":[],"_links":{"self":[{"href":"https:\/\/www.sams-industrie.fr\/en\/wp-json\/wp\/v2\/product\/8701"}],"collection":[{"href":"https:\/\/www.sams-industrie.fr\/en\/wp-json\/wp\/v2\/product"}],"about":[{"href":"https:\/\/www.sams-industrie.fr\/en\/wp-json\/wp\/v2\/types\/product"}],"replies":[{"embeddable":true,"href":"https:\/\/www.sams-industrie.fr\/en\/wp-json\/wp\/v2\/comments?post=8701"}],"wp:attachment":[{"href":"https:\/\/www.sams-industrie.fr\/en\/wp-json\/wp\/v2\/media?parent=8701"}],"curies":[{"name":"wp","href":"https:\/\/api.w.org\/{rel}","templated":true}]}}