{"id":8698,"date":"2025-01-24T09:30:32","date_gmt":"2025-01-24T08:30:32","guid":{"rendered":"https:\/\/www.sams-industrie.fr\/product\/manchon-de-bridage-reference-500-102-101\/"},"modified":"2025-02-19T11:39:13","modified_gmt":"2025-02-19T10:39:13","slug":"manchon-de-bridage-reference-500-102-101","status":"publish","type":"product","link":"https:\/\/www.sams-industrie.fr\/en\/product\/manchon-de-bridage-reference-500-102-101\/","title":{"rendered":"Clamping sleeve<br> Reference 500-102-101"},"content":{"rendered":"","protected":false},"excerpt":{"rendered":"<p>RAPIDEX RAPIDLINE 16<br \/> R\u00e9f\u00e9rence constructeur : 500-102-101<br \/> R\u00e9f\u00e9rences \u00e9quivalentes : 500102101 \/ M500102101 \/ RAP500102101<\/p>","protected":false},"featured_media":0,"comment_status":"open","ping_status":"closed","template":"","meta":[],"_links":{"self":[{"href":"https:\/\/www.sams-industrie.fr\/en\/wp-json\/wp\/v2\/product\/8698"}],"collection":[{"href":"https:\/\/www.sams-industrie.fr\/en\/wp-json\/wp\/v2\/product"}],"about":[{"href":"https:\/\/www.sams-industrie.fr\/en\/wp-json\/wp\/v2\/types\/product"}],"replies":[{"embeddable":true,"href":"https:\/\/www.sams-industrie.fr\/en\/wp-json\/wp\/v2\/comments?post=8698"}],"wp:attachment":[{"href":"https:\/\/www.sams-industrie.fr\/en\/wp-json\/wp\/v2\/media?parent=8698"}],"curies":[{"name":"wp","href":"https:\/\/api.w.org\/{rel}","templated":true}]}}