{"id":8697,"date":"2025-01-24T09:30:31","date_gmt":"2025-01-24T08:30:31","guid":{"rendered":"https:\/\/www.sams-industrie.fr\/product\/manchon-refouleur-reference-bab-0104-011\/"},"modified":"2025-02-19T11:39:12","modified_gmt":"2025-02-19T10:39:12","slug":"manchon-refouleur-reference-bab-0104-011","status":"publish","type":"product","link":"https:\/\/www.sams-industrie.fr\/en\/product\/manchon-refouleur-reference-bab-0104-011\/","title":{"rendered":"Discharge sleeve<br> Reference BAB-0104-011"},"content":{"rendered":"","protected":false},"excerpt":{"rendered":"<p>RAPIDEX RAPIDLINE 16<br \/> R\u00e9f\u00e9rence constructeur : BAB-0104-011<br \/> R\u00e9f\u00e9rences \u00e9quivalentes : BAB0104011 \/ MBAB0104011 \/ RAPBAB0104011<\/p>","protected":false},"featured_media":0,"comment_status":"open","ping_status":"closed","template":"","meta":[],"_links":{"self":[{"href":"https:\/\/www.sams-industrie.fr\/en\/wp-json\/wp\/v2\/product\/8697"}],"collection":[{"href":"https:\/\/www.sams-industrie.fr\/en\/wp-json\/wp\/v2\/product"}],"about":[{"href":"https:\/\/www.sams-industrie.fr\/en\/wp-json\/wp\/v2\/types\/product"}],"replies":[{"embeddable":true,"href":"https:\/\/www.sams-industrie.fr\/en\/wp-json\/wp\/v2\/comments?post=8697"}],"wp:attachment":[{"href":"https:\/\/www.sams-industrie.fr\/en\/wp-json\/wp\/v2\/media?parent=8697"}],"curies":[{"name":"wp","href":"https:\/\/api.w.org\/{rel}","templated":true}]}}