{"id":8695,"date":"2025-01-24T09:30:30","date_gmt":"2025-01-24T08:30:30","guid":{"rendered":"https:\/\/www.sams-industrie.fr\/product\/entraineur-lz4100-reference-500-102-001-lg\/"},"modified":"2025-02-19T11:39:11","modified_gmt":"2025-02-19T10:39:11","slug":"entraineur-lz4100-reference-500-102-001-lg","status":"publish","type":"product","link":"https:\/\/www.sams-industrie.fr\/en\/product\/entraineur-lz4100-reference-500-102-001-lg\/","title":{"rendered":"LZ4100 Trainer<br> Reference 500-102-001 LG"},"content":{"rendered":"","protected":false},"excerpt":{"rendered":"<p>RAPIDEX RAPIDLINE 16<br \/> R\u00e9f\u00e9rence constructeur : 500-102-001 LG<br \/> R\u00e9f\u00e9rences \u00e9quivalentes : 500102001LG \/ M500102001LG \/ RAP500102001LG<\/p>","protected":false},"featured_media":0,"comment_status":"open","ping_status":"closed","template":"","meta":[],"_links":{"self":[{"href":"https:\/\/www.sams-industrie.fr\/en\/wp-json\/wp\/v2\/product\/8695"}],"collection":[{"href":"https:\/\/www.sams-industrie.fr\/en\/wp-json\/wp\/v2\/product"}],"about":[{"href":"https:\/\/www.sams-industrie.fr\/en\/wp-json\/wp\/v2\/types\/product"}],"replies":[{"embeddable":true,"href":"https:\/\/www.sams-industrie.fr\/en\/wp-json\/wp\/v2\/comments?post=8695"}],"wp:attachment":[{"href":"https:\/\/www.sams-industrie.fr\/en\/wp-json\/wp\/v2\/media?parent=8695"}],"curies":[{"name":"wp","href":"https:\/\/api.w.org\/{rel}","templated":true}]}}