{"id":8692,"date":"2025-01-24T09:30:29","date_gmt":"2025-01-24T08:30:29","guid":{"rendered":"https:\/\/www.sams-industrie.fr\/product\/entraineur-lz2800-reference-500-102-001-lc\/"},"modified":"2025-02-19T11:39:09","modified_gmt":"2025-02-19T10:39:09","slug":"entraineur-lz2800-reference-500-102-001-lc","status":"publish","type":"product","link":"https:\/\/www.sams-industrie.fr\/en\/product\/entraineur-lz2800-reference-500-102-001-lc\/","title":{"rendered":"LZ2800 Trainer<br> Reference 500-102-001 LC"},"content":{"rendered":"","protected":false},"excerpt":{"rendered":"<p>RAPIDEX RAPIDLINE 16<br \/> R\u00e9f\u00e9rence constructeur : 500-102-001 LC<br \/> R\u00e9f\u00e9rences \u00e9quivalentes : 500102001LC \/ M500102001LC \/ RAP500102001LC<\/p>","protected":false},"featured_media":0,"comment_status":"open","ping_status":"closed","template":"","meta":[],"_links":{"self":[{"href":"https:\/\/www.sams-industrie.fr\/en\/wp-json\/wp\/v2\/product\/8692"}],"collection":[{"href":"https:\/\/www.sams-industrie.fr\/en\/wp-json\/wp\/v2\/product"}],"about":[{"href":"https:\/\/www.sams-industrie.fr\/en\/wp-json\/wp\/v2\/types\/product"}],"replies":[{"embeddable":true,"href":"https:\/\/www.sams-industrie.fr\/en\/wp-json\/wp\/v2\/comments?post=8692"}],"wp:attachment":[{"href":"https:\/\/www.sams-industrie.fr\/en\/wp-json\/wp\/v2\/media?parent=8692"}],"curies":[{"name":"wp","href":"https:\/\/api.w.org\/{rel}","templated":true}]}}