{"id":8685,"date":"2025-01-24T09:30:25","date_gmt":"2025-01-24T08:30:25","guid":{"rendered":"https:\/\/www.sams-industrie.fr\/product\/ressort-de-recuperateur-reference-500-103-178\/"},"modified":"2025-02-19T13:51:13","modified_gmt":"2025-02-19T12:51:13","slug":"ressort-de-recuperateur-reference-500-103-178","status":"publish","type":"product","link":"https:\/\/www.sams-industrie.fr\/en\/product\/ressort-de-recuperateur-reference-500-103-178\/","title":{"rendered":"Recuperator spring<br> Reference 500-103-178"},"content":{"rendered":"","protected":false},"excerpt":{"rendered":"<p>RAPIDEX RAPIDLINE 16<br \/>\nR\u00e9f\u00e9rence constructeur : 500-103-178<br \/>\nR\u00e9f\u00e9rences \u00e9quivalentes : 500103178 \/ M500103178 \/ RAP500103178<\/p>","protected":false},"featured_media":11235,"comment_status":"open","ping_status":"closed","template":"","meta":[],"_links":{"self":[{"href":"https:\/\/www.sams-industrie.fr\/en\/wp-json\/wp\/v2\/product\/8685"}],"collection":[{"href":"https:\/\/www.sams-industrie.fr\/en\/wp-json\/wp\/v2\/product"}],"about":[{"href":"https:\/\/www.sams-industrie.fr\/en\/wp-json\/wp\/v2\/types\/product"}],"replies":[{"embeddable":true,"href":"https:\/\/www.sams-industrie.fr\/en\/wp-json\/wp\/v2\/comments?post=8685"}],"wp:featuredmedia":[{"embeddable":true,"href":"https:\/\/www.sams-industrie.fr\/en\/wp-json\/wp\/v2\/media\/11235"}],"wp:attachment":[{"href":"https:\/\/www.sams-industrie.fr\/en\/wp-json\/wp\/v2\/media?parent=8685"}],"curies":[{"name":"wp","href":"https:\/\/api.w.org\/{rel}","templated":true}]}}