{"id":8683,"date":"2025-01-24T09:30:24","date_gmt":"2025-01-24T08:30:24","guid":{"rendered":"https:\/\/www.sams-industrie.fr\/product\/axe-deplacement-lateral-reference-500-106-006\/"},"modified":"2025-02-19T11:39:00","modified_gmt":"2025-02-19T10:39:00","slug":"axe-deplacement-lateral-reference-500-106-006","status":"publish","type":"product","link":"https:\/\/www.sams-industrie.fr\/en\/product\/axe-deplacement-lateral-reference-500-106-006\/","title":{"rendered":"Lateral displacement axis<br> Reference 500-106-006"},"content":{"rendered":"","protected":false},"excerpt":{"rendered":"<p>RAPIDEX RAPIDLINE 16<br \/> R\u00e9f\u00e9rence constructeur : 500-106-006<br \/> R\u00e9f\u00e9rences \u00e9quivalentes : 500106006 \/ M500106006 \/ RAP500106006<\/p>","protected":false},"featured_media":0,"comment_status":"open","ping_status":"closed","template":"","meta":[],"_links":{"self":[{"href":"https:\/\/www.sams-industrie.fr\/en\/wp-json\/wp\/v2\/product\/8683"}],"collection":[{"href":"https:\/\/www.sams-industrie.fr\/en\/wp-json\/wp\/v2\/product"}],"about":[{"href":"https:\/\/www.sams-industrie.fr\/en\/wp-json\/wp\/v2\/types\/product"}],"replies":[{"embeddable":true,"href":"https:\/\/www.sams-industrie.fr\/en\/wp-json\/wp\/v2\/comments?post=8683"}],"wp:attachment":[{"href":"https:\/\/www.sams-industrie.fr\/en\/wp-json\/wp\/v2\/media?parent=8683"}],"curies":[{"name":"wp","href":"https:\/\/api.w.org\/{rel}","templated":true}]}}