{"id":8680,"date":"2025-01-24T09:30:22","date_gmt":"2025-01-24T08:30:22","guid":{"rendered":"https:\/\/www.sams-industrie.fr\/product\/entretoise-epaulee-reference-500-112-140\/"},"modified":"2025-02-19T11:38:58","modified_gmt":"2025-02-19T10:38:58","slug":"entretoise-epaulee-reference-500-112-140","status":"publish","type":"product","link":"https:\/\/www.sams-industrie.fr\/en\/product\/entretoise-epaulee-reference-500-112-140\/","title":{"rendered":"Shouldered spacer<br> Reference 500-112-140"},"content":{"rendered":"","protected":false},"excerpt":{"rendered":"<p>RAPIDEX RAPIDLINE 16<br \/> R\u00e9f\u00e9rence constructeur : 500-112-140<br \/> R\u00e9f\u00e9rences \u00e9quivalentes : 500112140 \/ M500112140 \/ RAP500112140<\/p>","protected":false},"featured_media":0,"comment_status":"open","ping_status":"closed","template":"","meta":[],"_links":{"self":[{"href":"https:\/\/www.sams-industrie.fr\/en\/wp-json\/wp\/v2\/product\/8680"}],"collection":[{"href":"https:\/\/www.sams-industrie.fr\/en\/wp-json\/wp\/v2\/product"}],"about":[{"href":"https:\/\/www.sams-industrie.fr\/en\/wp-json\/wp\/v2\/types\/product"}],"replies":[{"embeddable":true,"href":"https:\/\/www.sams-industrie.fr\/en\/wp-json\/wp\/v2\/comments?post=8680"}],"wp:attachment":[{"href":"https:\/\/www.sams-industrie.fr\/en\/wp-json\/wp\/v2\/media?parent=8680"}],"curies":[{"name":"wp","href":"https:\/\/api.w.org\/{rel}","templated":true}]}}