{"id":8678,"date":"2025-01-24T09:30:21","date_gmt":"2025-01-24T08:30:21","guid":{"rendered":"https:\/\/www.sams-industrie.fr\/product\/arbre-commande-caoutchoute-reference-500-112-141\/"},"modified":"2025-02-19T13:49:25","modified_gmt":"2025-02-19T12:49:25","slug":"arbre-commande-caoutchoute-reference-500-112-141","status":"publish","type":"product","link":"https:\/\/www.sams-industrie.fr\/en\/product\/arbre-commande-caoutchoute-reference-500-112-141\/","title":{"rendered":"Rubberized control shaft<br> Reference 500-112-141"},"content":{"rendered":"","protected":false},"excerpt":{"rendered":"<p>RAPIDEX RAPIDLINE 16<br \/>\nR\u00e9f\u00e9rence constructeur : 500-112-141<br \/>\nR\u00e9f\u00e9rences \u00e9quivalentes : 500112141 \/ M500112141 \/ RAP500112141<\/p>","protected":false},"featured_media":11233,"comment_status":"open","ping_status":"closed","template":"","meta":[],"_links":{"self":[{"href":"https:\/\/www.sams-industrie.fr\/en\/wp-json\/wp\/v2\/product\/8678"}],"collection":[{"href":"https:\/\/www.sams-industrie.fr\/en\/wp-json\/wp\/v2\/product"}],"about":[{"href":"https:\/\/www.sams-industrie.fr\/en\/wp-json\/wp\/v2\/types\/product"}],"replies":[{"embeddable":true,"href":"https:\/\/www.sams-industrie.fr\/en\/wp-json\/wp\/v2\/comments?post=8678"}],"wp:featuredmedia":[{"embeddable":true,"href":"https:\/\/www.sams-industrie.fr\/en\/wp-json\/wp\/v2\/media\/11233"}],"wp:attachment":[{"href":"https:\/\/www.sams-industrie.fr\/en\/wp-json\/wp\/v2\/media?parent=8678"}],"curies":[{"name":"wp","href":"https:\/\/api.w.org\/{rel}","templated":true}]}}