{"id":8677,"date":"2025-01-24T09:30:20","date_gmt":"2025-01-24T08:30:20","guid":{"rendered":"https:\/\/www.sams-industrie.fr\/product\/entretoise-cinematique-reference-r30-2-45-23-2t\/"},"modified":"2025-02-19T11:38:55","modified_gmt":"2025-02-19T10:38:55","slug":"entretoise-cinematique-reference-r30-2-45-23-2t","status":"publish","type":"product","link":"https:\/\/www.sams-industrie.fr\/en\/product\/entretoise-cinematique-reference-r30-2-45-23-2t\/","title":{"rendered":"Kinematic spacer<br> Reference R30.2-45-23.2T"},"content":{"rendered":"","protected":false},"excerpt":{"rendered":"<p>RAPIDEX RAPIDLINE 16<br \/> R\u00e9f\u00e9rence constructeur : R30.2-45-23.2T<br \/> R\u00e9f\u00e9rences \u00e9quivalentes : R30245232T \/ MR30245232T \/ RAPR30245232T<\/p>","protected":false},"featured_media":0,"comment_status":"open","ping_status":"closed","template":"","meta":[],"_links":{"self":[{"href":"https:\/\/www.sams-industrie.fr\/en\/wp-json\/wp\/v2\/product\/8677"}],"collection":[{"href":"https:\/\/www.sams-industrie.fr\/en\/wp-json\/wp\/v2\/product"}],"about":[{"href":"https:\/\/www.sams-industrie.fr\/en\/wp-json\/wp\/v2\/types\/product"}],"replies":[{"embeddable":true,"href":"https:\/\/www.sams-industrie.fr\/en\/wp-json\/wp\/v2\/comments?post=8677"}],"wp:attachment":[{"href":"https:\/\/www.sams-industrie.fr\/en\/wp-json\/wp\/v2\/media?parent=8677"}],"curies":[{"name":"wp","href":"https:\/\/api.w.org\/{rel}","templated":true}]}}