{"id":8673,"date":"2025-01-24T09:30:18","date_gmt":"2025-01-24T08:30:18","guid":{"rendered":"https:\/\/www.sams-industrie.fr\/product\/arbre-commande-trame-reference-500-112-148\/"},"modified":"2025-02-19T11:38:52","modified_gmt":"2025-02-19T10:38:52","slug":"arbre-commande-trame-reference-500-112-148","status":"publish","type":"product","link":"https:\/\/www.sams-industrie.fr\/en\/product\/arbre-commande-trame-reference-500-112-148\/","title":{"rendered":"Framed control tree<br> Reference 500-112-148"},"content":{"rendered":"","protected":false},"excerpt":{"rendered":"<p>RAPIDEX RAPIDLINE 16<br \/> R\u00e9f\u00e9rence constructeur : 500-112-148<br \/> R\u00e9f\u00e9rences \u00e9quivalentes : 500112148 \/ M500112148 \/ RAP500112148<\/p>","protected":false},"featured_media":0,"comment_status":"open","ping_status":"closed","template":"","meta":[],"_links":{"self":[{"href":"https:\/\/www.sams-industrie.fr\/en\/wp-json\/wp\/v2\/product\/8673"}],"collection":[{"href":"https:\/\/www.sams-industrie.fr\/en\/wp-json\/wp\/v2\/product"}],"about":[{"href":"https:\/\/www.sams-industrie.fr\/en\/wp-json\/wp\/v2\/types\/product"}],"replies":[{"embeddable":true,"href":"https:\/\/www.sams-industrie.fr\/en\/wp-json\/wp\/v2\/comments?post=8673"}],"wp:attachment":[{"href":"https:\/\/www.sams-industrie.fr\/en\/wp-json\/wp\/v2\/media?parent=8673"}],"curies":[{"name":"wp","href":"https:\/\/api.w.org\/{rel}","templated":true}]}}