{"id":8671,"date":"2025-01-24T09:30:14","date_gmt":"2025-01-24T08:30:14","guid":{"rendered":"https:\/\/www.sams-industrie.fr\/product\/arbre-de-reprise-cinematique-reference-500-112-139\/"},"modified":"2025-02-19T11:38:51","modified_gmt":"2025-02-19T10:38:51","slug":"arbre-de-reprise-cinematique-reference-500-112-139","status":"publish","type":"product","link":"https:\/\/www.sams-industrie.fr\/en\/product\/arbre-de-reprise-cinematique-reference-500-112-139\/","title":{"rendered":"Kinematic recovery tree<br> Reference 500-112-139"},"content":{"rendered":"","protected":false},"excerpt":{"rendered":"<p>RAPIDEX RAPIDLINE 16<br \/> R\u00e9f\u00e9rence constructeur : 500-112-139<br \/> R\u00e9f\u00e9rences \u00e9quivalentes : 500112139 \/ M500112139 \/ RAP500112139<\/p>","protected":false},"featured_media":0,"comment_status":"open","ping_status":"closed","template":"","meta":[],"_links":{"self":[{"href":"https:\/\/www.sams-industrie.fr\/en\/wp-json\/wp\/v2\/product\/8671"}],"collection":[{"href":"https:\/\/www.sams-industrie.fr\/en\/wp-json\/wp\/v2\/product"}],"about":[{"href":"https:\/\/www.sams-industrie.fr\/en\/wp-json\/wp\/v2\/types\/product"}],"replies":[{"embeddable":true,"href":"https:\/\/www.sams-industrie.fr\/en\/wp-json\/wp\/v2\/comments?post=8671"}],"wp:attachment":[{"href":"https:\/\/www.sams-industrie.fr\/en\/wp-json\/wp\/v2\/media?parent=8671"}],"curies":[{"name":"wp","href":"https:\/\/api.w.org\/{rel}","templated":true}]}}