{"id":8669,"date":"2025-01-24T09:30:13","date_gmt":"2025-01-24T08:30:13","guid":{"rendered":"https:\/\/www.sams-industrie.fr\/product\/manchon-accouplement-cinematique-reference-500-115-061\/"},"modified":"2025-02-19T11:38:49","modified_gmt":"2025-02-19T10:38:49","slug":"manchon-accouplement-cinematique-reference-500-115-061","status":"publish","type":"product","link":"https:\/\/www.sams-industrie.fr\/en\/product\/manchon-accouplement-cinematique-reference-500-115-061\/","title":{"rendered":"Kinematic coupling sleeve<br> Reference 500-115-061"},"content":{"rendered":"","protected":false},"excerpt":{"rendered":"<p>RAPIDEX RAPIDLINE 16<br \/> R\u00e9f\u00e9rence constructeur : 500-115-061<br \/> R\u00e9f\u00e9rences \u00e9quivalentes : 500115061 \/ M500115061 \/ RAP500115061<\/p>","protected":false},"featured_media":0,"comment_status":"open","ping_status":"closed","template":"","meta":[],"_links":{"self":[{"href":"https:\/\/www.sams-industrie.fr\/en\/wp-json\/wp\/v2\/product\/8669"}],"collection":[{"href":"https:\/\/www.sams-industrie.fr\/en\/wp-json\/wp\/v2\/product"}],"about":[{"href":"https:\/\/www.sams-industrie.fr\/en\/wp-json\/wp\/v2\/types\/product"}],"replies":[{"embeddable":true,"href":"https:\/\/www.sams-industrie.fr\/en\/wp-json\/wp\/v2\/comments?post=8669"}],"wp:attachment":[{"href":"https:\/\/www.sams-industrie.fr\/en\/wp-json\/wp\/v2\/media?parent=8669"}],"curies":[{"name":"wp","href":"https:\/\/api.w.org\/{rel}","templated":true}]}}