{"id":8667,"date":"2025-01-24T09:30:11","date_gmt":"2025-01-24T08:30:11","guid":{"rendered":"https:\/\/www.sams-industrie.fr\/product\/bride-interieur-accouplement-cinematique-reference-500-112-083\/"},"modified":"2025-02-19T11:38:48","modified_gmt":"2025-02-19T10:38:48","slug":"bride-interieur-accouplement-cinematique-reference-500-112-083","status":"publish","type":"product","link":"https:\/\/www.sams-industrie.fr\/en\/product\/bride-interieur-accouplement-cinematique-reference-500-112-083\/","title":{"rendered":"Internal flange kinematic coupling<br> Reference 500-112-083"},"content":{"rendered":"","protected":false},"excerpt":{"rendered":"<p>RAPIDEX RAPIDLINE 16<br \/> R\u00e9f\u00e9rence constructeur : 500-112-083<br \/> R\u00e9f\u00e9rences \u00e9quivalentes : 500112083 \/ M500112083 \/ RAP500112083<\/p>","protected":false},"featured_media":0,"comment_status":"open","ping_status":"closed","template":"","meta":[],"_links":{"self":[{"href":"https:\/\/www.sams-industrie.fr\/en\/wp-json\/wp\/v2\/product\/8667"}],"collection":[{"href":"https:\/\/www.sams-industrie.fr\/en\/wp-json\/wp\/v2\/product"}],"about":[{"href":"https:\/\/www.sams-industrie.fr\/en\/wp-json\/wp\/v2\/types\/product"}],"replies":[{"embeddable":true,"href":"https:\/\/www.sams-industrie.fr\/en\/wp-json\/wp\/v2\/comments?post=8667"}],"wp:attachment":[{"href":"https:\/\/www.sams-industrie.fr\/en\/wp-json\/wp\/v2\/media?parent=8667"}],"curies":[{"name":"wp","href":"https:\/\/api.w.org\/{rel}","templated":true}]}}