{"id":8665,"date":"2025-01-24T09:30:10","date_gmt":"2025-01-24T08:30:10","guid":{"rendered":"https:\/\/www.sams-industrie.fr\/product\/axe-galet-tendeur-cinematique-reference-500-112-077\/"},"modified":"2025-02-19T11:38:47","modified_gmt":"2025-02-19T10:38:47","slug":"axe-galet-tendeur-cinematique-reference-500-112-077","status":"publish","type":"product","link":"https:\/\/www.sams-industrie.fr\/en\/product\/axe-galet-tendeur-cinematique-reference-500-112-077\/","title":{"rendered":"Kinematic tensioner roller axle<br> Reference 500-112-077"},"content":{"rendered":"","protected":false},"excerpt":{"rendered":"<p>RAPIDEX RAPIDLINE 16<br \/> R\u00e9f\u00e9rence constructeur : 500-112-077<br \/> R\u00e9f\u00e9rences \u00e9quivalentes : 500112077 \/ M500112077 \/ RAP500112077<\/p>","protected":false},"featured_media":0,"comment_status":"open","ping_status":"closed","template":"","meta":[],"_links":{"self":[{"href":"https:\/\/www.sams-industrie.fr\/en\/wp-json\/wp\/v2\/product\/8665"}],"collection":[{"href":"https:\/\/www.sams-industrie.fr\/en\/wp-json\/wp\/v2\/product"}],"about":[{"href":"https:\/\/www.sams-industrie.fr\/en\/wp-json\/wp\/v2\/types\/product"}],"replies":[{"embeddable":true,"href":"https:\/\/www.sams-industrie.fr\/en\/wp-json\/wp\/v2\/comments?post=8665"}],"wp:attachment":[{"href":"https:\/\/www.sams-industrie.fr\/en\/wp-json\/wp\/v2\/media?parent=8665"}],"curies":[{"name":"wp","href":"https:\/\/api.w.org\/{rel}","templated":true}]}}