{"id":8661,"date":"2025-01-24T09:30:06","date_gmt":"2025-01-24T08:30:06","guid":{"rendered":"https:\/\/www.sams-industrie.fr\/product\/embout-cinematique-gauche-reference-500-106-204\/"},"modified":"2025-02-19T11:38:44","modified_gmt":"2025-02-19T10:38:44","slug":"embout-cinematique-gauche-reference-500-106-204","status":"publish","type":"product","link":"https:\/\/www.sams-industrie.fr\/en\/product\/embout-cinematique-gauche-reference-500-106-204\/","title":{"rendered":"Left kinematic tip<br> Reference 500-106-204"},"content":{"rendered":"","protected":false},"excerpt":{"rendered":"<p>RAPIDEX RAPIDLINE 16<br \/> R\u00e9f\u00e9rence constructeur : 500-106-204<br \/> R\u00e9f\u00e9rences \u00e9quivalentes : 500106204 \/ M500106204 \/ RAP500106204<\/p>","protected":false},"featured_media":0,"comment_status":"open","ping_status":"closed","template":"","meta":[],"_links":{"self":[{"href":"https:\/\/www.sams-industrie.fr\/en\/wp-json\/wp\/v2\/product\/8661"}],"collection":[{"href":"https:\/\/www.sams-industrie.fr\/en\/wp-json\/wp\/v2\/product"}],"about":[{"href":"https:\/\/www.sams-industrie.fr\/en\/wp-json\/wp\/v2\/types\/product"}],"replies":[{"embeddable":true,"href":"https:\/\/www.sams-industrie.fr\/en\/wp-json\/wp\/v2\/comments?post=8661"}],"wp:attachment":[{"href":"https:\/\/www.sams-industrie.fr\/en\/wp-json\/wp\/v2\/media?parent=8661"}],"curies":[{"name":"wp","href":"https:\/\/api.w.org\/{rel}","templated":true}]}}